{"id":5,"date":"2024-05-14T07:42:42","date_gmt":"2024-05-14T05:42:42","guid":{"rendered":"https:\/\/primas-finance.fr\/?page_id=5"},"modified":"2024-10-31T19:02:42","modified_gmt":"2024-10-31T18:02:42","slug":"ma-gestion-de-patrimoine","status":"publish","type":"page","link":"https:\/\/primas-finance.fr\/","title":{"rendered":"Page d&rsquo;accueil"},"content":{"rendered":"\n<section id=\"hero-video-block_d5d85080ab3344630cfc6080b60081b4\" class=\"hero-video-bloc\">\n    <div class=\"hero-video wrapper-full\">\n    <figure class=\"hero-video-figure\">\n        <video\n            src=\"https:\/\/primas-finance.fr\/wp-content\/uploads\/2024\/10\/primas-finance-hero.mp4\"\n            autoplay=\"true\"\n            loop\n            playsinline\n            muted\n        >\n        <\/video>\n    <\/figure>\n\n    <div class=\"hero-video-content\">\n        <p class=\"hero-video-mention overline\">Notre engagement PRIMAS FINANCE<\/p>\n        <h1 class=\"hero-video-title headingOne\"> Concretisez vos projets financiers <\/h1>\n\n            <p\n        class=\"pill-button text-cta hero-video-btn transparent scrollNext\"\n    >\n        <span class=\"pill-button-background follow-background\"> <\/span>\n        \/ En savoir plus\n    <\/p>\n\n    <\/div>\n<\/div><\/section>\n\n\n<section id=\"persona-section-block_449a9ee1247cc5a84541bdeab2bb2ef3\" class=\"persona-section-bloc light-section\">\n    <div class=\"wrapper-full\">\n                    <div class=\"ariane-pagination appear\">\n    <div class=\"ariane-pagination-container\">\n        <p class=\"ariane-pagination-text text-cta\">\/ CONSEILS PRATIQUES<\/p>\n        <p class=\"ariane-pagination-number text-cta\">01 \/<\/p>\n    <\/div>\n<\/div>            <\/div>\n\n    <h2 class=\"clip-text headingOne persona-section-bloc-title wrapper-full\">\n            <span class=\"one\">Nos conseils<\/span>\n    <\/h2>\n    <div class=\"persona-section-list\">\n        <div class=\"persona-section-list-articles hide-scrollbar\">\n                            <a class=\"card-conseil\" href=\"https:\/\/primas-finance.fr\/?conseils=conseil-pour-entrepreneur-1\">\n    <p class=\"card-conseil-mention\">Avez-vous pens\u00e9 \u00e0&#8230;<\/p>\n    <h3 class=\"card-conseil-title headingTwo\"> Chef d&rsquo;entreprise, Anticipez pour bien transmettre <\/h3>\n\n        <p\n        class=\"pill-button text-cta card-conseil-btn\"\n    >\n        <span class=\"pill-button-background follow-background\"> <\/span>\n        \/ lire l\u2019article\n    <\/p>\n\n<\/a>\n                            <a class=\"card-conseil\" href=\"https:\/\/primas-finance.fr\/?conseils=lassurance-vie-comme-outil-pour-preparer-la-retraite-2\">\n    <p class=\"card-conseil-mention\">Avez-vous pens\u00e9 \u00e0&#8230;<\/p>\n    <h3 class=\"card-conseil-title headingTwo\"> L\u2019assurance vie comme outil pour pr\u00e9parer la retraite ! <\/h3>\n\n        <p\n        class=\"pill-button text-cta card-conseil-btn\"\n    >\n        <span class=\"pill-button-background follow-background\"> <\/span>\n        \/ lire l\u2019article\n    <\/p>\n\n<\/a>\n                    <\/div>\n\n        <a href=\"https:\/\/primas-finance.fr\/?post_type=conseils\" class=\"card-cta dark-section\">\n    <div class=\"card-cta-background follow-background\"><\/div>\n    \n    <div class=\"card-cta-head\">\n                    <p class=\"card-cta-mention big-text\">Avez vous pens\u00e9 \u00e0&#8230;<\/p>\n        \n        <p class=\"card-cta-title headingTwo\">D\u00e9couvrir tous nos conseils<\/p>\n    <\/div>\n\n    <svg class=\"circled-arrow card-cta-icon\" width=\"79\" height=\"79\" viewBox=\"0 0 79 79\" xmlns=\"http:\/\/www.w3.org\/2000\/svg\">\n    <circle cx=\"39.5\" cy=\"39.5\" r=\"39\"\/>\n    <path d=\"M52.7886 27.2114C52.7886 26.9353 52.5647 26.7114 52.2886 26.7114L47.7886 26.7114C47.5124 26.7114 47.2886 26.9353 47.2886 27.2114C47.2886 27.4876 47.5124 27.7114 47.7886 27.7114L51.7886 27.7114L51.7886 31.7114C51.7886 31.9876 52.0124 32.2114 52.2886 32.2114C52.5647 32.2114 52.7886 31.9876 52.7886 31.7114L52.7886 27.2114ZM25.065 55.1421L52.6421 27.565L51.935 26.8579L24.3579 54.435L25.065 55.1421Z\"\/>\n<\/svg><\/a>    <\/div>\n<\/section>\n\n\n  \n<section id=\"value-bloc-block_304e8137c3621fcd3ce83b5bf0de4aa9\" class=\"value-bloc white-section\">\n  <div class=\"value-bloc-ariane-wrapper wrapper-full\">\n            <div class=\"ariane-pagination appear\">\n    <div class=\"ariane-pagination-container\">\n        <p class=\"ariane-pagination-text text-cta\">\/ Valeur<\/p>\n        <p class=\"ariane-pagination-number text-cta\">01 \/<\/p>\n    <\/div>\n<\/div>      <\/div>\n\n  <h2 class=\"clip-text headingOne value-bloc-title wrapper-full\">\n            <span class=\"one\">Restez ma\u00eetre de<\/span>\n            <span class=\"one\">vos d\u00e9cisions<\/span>\n            <span class=\"one\">financi\u00e8res<\/span>\n    <\/h2>\n  <div class=\"value-bloc-content big-text wrapper-full appear\">\n    <p class=\"big-text value-bloc-desc\">Vous \u00eates d\u00e9cisionnaire et b\u00e9n\u00e9ficiez de notre expertise pour atteindre vos objectifs financiers.<\/p>\n\n              <a\n        class=\"pill-button text-cta value-bloc-btn\"\n        href=\"https:\/\/primas-finance.fr\/?page_id=150\"\n        target=\"\"\n    >\n        <span class=\"pill-button-background follow-background\"> <\/span>\n        \/ En savoir plus sur nous\n    <\/a>\n\n      <\/div>\n\n  <figure class=\"value-bloc-figure\">\n    <div class=\"value-bloc-pixel appear\"><\/div>\n    <img decoding=\"async\" class=\"cover\" src=\"https:\/\/primas-finance.fr\/wp-content\/uploads\/2024\/09\/ensemble-avec-primas-finance-900x500-c-default.webp\" alt=\"Nous ne sommes pas mandataires mais conseill\u00e9\">\n  <\/figure>\n<\/section>\n\n\n\n<section id=\"objectif-section-block_ff0e614479c70201a3d28a8b23b5cad0\" class=\"objectif-section-bloc dark-section\">\n    <div class=\"wrapper-full\">\n                    <div class=\"ariane-pagination appear\">\n    <div class=\"ariane-pagination-container\">\n        <p class=\"ariane-pagination-text text-cta\">\/ Objectifs<\/p>\n        <p class=\"ariane-pagination-number text-cta\">01 \/<\/p>\n    <\/div>\n<\/div>            <\/div>\n\n    <h2 class=\"clip-text headingOne objectif-section-bloc-title wrapper-full\">\n            <span class=\"one\">Objectifs<\/span>\n    <\/h2>\n\n    <div class=\"objectif-section-list hide-scrollbar\">\n        <div class=\"objectif-section-bg-images\">\n                                                <img decoding=\"async\" class=\"card-objectif-bg-image visible\" data-index=\"1\" src=\"https:\/\/primas-finance.fr\/wp-content\/uploads\/2024\/05\/Rectangle-1.png\" alt=\"La gestion de patrimoine au quotidien\">\n                                                                <img decoding=\"async\" class=\"card-objectif-bg-image \" data-index=\"2\" src=\"https:\/\/primas-finance.fr\/wp-content\/uploads\/2024\/07\/phillip-goldsberry-kwqJwtlb0KU-unsplash.png\" alt=\"Transmission civil\">\n                                                                <img decoding=\"async\" class=\"card-objectif-bg-image \" data-index=\"3\" src=\"https:\/\/primas-finance.fr\/wp-content\/uploads\/2024\/06\/team-work-scaled.webp\" alt=\"team work Epargne salariale entreprise\">\n                                    <\/div>\n\n                    <a class=\"card-objectif light-text visible\" href=\"https:\/\/primas-finance.fr\/?objectifs=placer-un-capital\" data-slug=\"optimisation-remuneration\" data-index=\"1\">\n\n    <div class=\"card-objectif-content\">\n        <div class=\"card-objectif-background follow-background\"> <\/div>\n\n        <div class=\"card-objectif-head\">\n            <h3 class=\"card-objectif-title headingTwo\"> Placer un capital <\/h3>\n\n            <svg class=\"circled-arrow card-objectif-arrow\" width=\"79\" height=\"79\" viewBox=\"0 0 79 79\" xmlns=\"http:\/\/www.w3.org\/2000\/svg\">\n    <circle cx=\"39.5\" cy=\"39.5\" r=\"39\"\/>\n    <path d=\"M52.7886 27.2114C52.7886 26.9353 52.5647 26.7114 52.2886 26.7114L47.7886 26.7114C47.5124 26.7114 47.2886 26.9353 47.2886 27.2114C47.2886 27.4876 47.5124 27.7114 47.7886 27.7114L51.7886 27.7114L51.7886 31.7114C51.7886 31.9876 52.0124 32.2114 52.2886 32.2114C52.5647 32.2114 52.7886 31.9876 52.7886 31.7114L52.7886 27.2114ZM25.065 55.1421L52.6421 27.565L51.935 26.8579L24.3579 54.435L25.065 55.1421Z\"\/>\n<\/svg>        <\/div>\n\n        <p class=\"big-text card-objectif-tag\">\n            Optimisation r\u00e9mun\u00e9ration\n        <\/p>\n    <\/div>\n<\/a>\n                    <a class=\"card-objectif light-text \" href=\"https:\/\/primas-finance.fr\/?objectifs=bien-transmettre-son-patrimoine\" data-slug=\"civil\" data-index=\"2\">\n\n    <div class=\"card-objectif-content\">\n        <div class=\"card-objectif-background follow-background\"> <\/div>\n\n        <div class=\"card-objectif-head\">\n            <h3 class=\"card-objectif-title headingTwo\"> Bien transmettre son patrimoine <\/h3>\n\n            <svg class=\"circled-arrow card-objectif-arrow\" width=\"79\" height=\"79\" viewBox=\"0 0 79 79\" xmlns=\"http:\/\/www.w3.org\/2000\/svg\">\n    <circle cx=\"39.5\" cy=\"39.5\" r=\"39\"\/>\n    <path d=\"M52.7886 27.2114C52.7886 26.9353 52.5647 26.7114 52.2886 26.7114L47.7886 26.7114C47.5124 26.7114 47.2886 26.9353 47.2886 27.2114C47.2886 27.4876 47.5124 27.7114 47.7886 27.7114L51.7886 27.7114L51.7886 31.7114C51.7886 31.9876 52.0124 32.2114 52.2886 32.2114C52.5647 32.2114 52.7886 31.9876 52.7886 31.7114L52.7886 27.2114ZM25.065 55.1421L52.6421 27.565L51.935 26.8579L24.3579 54.435L25.065 55.1421Z\"\/>\n<\/svg>        <\/div>\n\n        <p class=\"big-text card-objectif-tag\">\n            Civil\n        <\/p>\n    <\/div>\n<\/a>\n                    <a class=\"card-objectif light-text \" href=\"https:\/\/primas-finance.fr\/?objectifs=comprendre-lepargne-salariale\" data-slug=\"optimisation-remuneration\" data-index=\"3\">\n\n    <div class=\"card-objectif-content\">\n        <div class=\"card-objectif-background follow-background\"> <\/div>\n\n        <div class=\"card-objectif-head\">\n            <h3 class=\"card-objectif-title headingTwo\"> Comprendre l&rsquo;\u00e9pargne salariale <\/h3>\n\n            <svg class=\"circled-arrow card-objectif-arrow\" width=\"79\" height=\"79\" viewBox=\"0 0 79 79\" xmlns=\"http:\/\/www.w3.org\/2000\/svg\">\n    <circle cx=\"39.5\" cy=\"39.5\" r=\"39\"\/>\n    <path d=\"M52.7886 27.2114C52.7886 26.9353 52.5647 26.7114 52.2886 26.7114L47.7886 26.7114C47.5124 26.7114 47.2886 26.9353 47.2886 27.2114C47.2886 27.4876 47.5124 27.7114 47.7886 27.7114L51.7886 27.7114L51.7886 31.7114C51.7886 31.9876 52.0124 32.2114 52.2886 32.2114C52.5647 32.2114 52.7886 31.9876 52.7886 31.7114L52.7886 27.2114ZM25.065 55.1421L52.6421 27.565L51.935 26.8579L24.3579 54.435L25.065 55.1421Z\"\/>\n<\/svg>        <\/div>\n\n        <p class=\"big-text card-objectif-tag\">\n            Optimisation r\u00e9mun\u00e9ration\n        <\/p>\n    <\/div>\n<\/a>\n        \n        <a href=\"https:\/\/primas-finance.fr\/?post_type=conseils\" class=\"card-cta dark-section\">\n    <div class=\"card-cta-background follow-background\"><\/div>\n    \n    <div class=\"card-cta-head\">\n        \n        <p class=\"card-cta-title headingTwo\">Vous avez un projet ?<\/p>\n    <\/div>\n\n    <svg class=\"circled-arrow card-cta-icon\" width=\"79\" height=\"79\" viewBox=\"0 0 79 79\" xmlns=\"http:\/\/www.w3.org\/2000\/svg\">\n    <circle cx=\"39.5\" cy=\"39.5\" r=\"39\"\/>\n    <path d=\"M52.7886 27.2114C52.7886 26.9353 52.5647 26.7114 52.2886 26.7114L47.7886 26.7114C47.5124 26.7114 47.2886 26.9353 47.2886 27.2114C47.2886 27.4876 47.5124 27.7114 47.7886 27.7114L51.7886 27.7114L51.7886 31.7114C51.7886 31.9876 52.0124 32.2114 52.2886 32.2114C52.5647 32.2114 52.7886 31.9876 52.7886 31.7114L52.7886 27.2114ZM25.065 55.1421L52.6421 27.565L51.935 26.8579L24.3579 54.435L25.065 55.1421Z\"\/>\n<\/svg><\/a>    <\/div>\n\n    <div class=\"wrapper-full\">\n            <a\n        class=\"pill-button text-cta objectif-section-mobile-cta transparent\"\n        href=\"https:\/\/primas-finance.fr\/?post_type=conseils\"\n        target=\"\"\n    >\n        <span class=\"pill-button-background follow-background\"> <\/span>\n        \/ Vous avez un projet ?\n    <\/a>\n\n    <\/div>\n<\/section>\n\n\n  \n<section id=\"value-bloc-block_602adaeb12386860e9dce9d17060611f\" class=\"value-bloc white-section\">\n  <div class=\"value-bloc-ariane-wrapper wrapper-full\">\n            <div class=\"ariane-pagination appear\">\n    <div class=\"ariane-pagination-container\">\n        <p class=\"ariane-pagination-text text-cta\">\/ Outil<\/p>\n        <p class=\"ariane-pagination-number text-cta\">01 \/<\/p>\n    <\/div>\n<\/div>      <\/div>\n\n  <h2 class=\"clip-text headingOne value-bloc-title wrapper-full\">\n            <span class=\"one\">Restez inform\u00e9<\/span>\n            <span class=\"one\">en temps r\u00e9el<\/span>\n    <\/h2>\n  <div class=\"value-bloc-content big-text wrapper-full appear\">\n    <p class=\"big-text value-bloc-desc\">Suivez la performance de vos projets gr\u00e2ce \u00e0 notre outil de suivi intuitif et prenez des d\u00e9cisions \u00e9clair\u00e9es en toute simplicit\u00e9.<\/p>\n\n              <a\n        class=\"pill-button text-cta value-bloc-btn\"\n        href=\"https:\/\/auth.harvest.fr\/auth\/realms\/MONEYPITCH\/protocol\/openid-connect\/auth?response_type=code&#038;client_id=moneypitch-app&#038;redirect_uri=https%3A%2F%2Fwww.moneypitch.fr%2Fpitch%2Fsso%2Flogin&#038;state=7644542a-c7b2-4114-ba1f-9207a31736c1&#038;login=true&#038;scope=openid\"\n        target=\"_blank\"\n    >\n        <span class=\"pill-button-background follow-background\"> <\/span>\n        \/ Acc\u00e9der \u00e0 Moneypitch\n    <\/a>\n\n      <\/div>\n\n  <figure class=\"value-bloc-figure\">\n    <div class=\"value-bloc-pixel appear\"><\/div>\n    <img decoding=\"async\" class=\"cover\" src=\"https:\/\/primas-finance.fr\/wp-content\/uploads\/2024\/09\/pexels-artempodrez-4492195-900x500-c-default.webp\" alt=\"ORDINATEUR TRAVAIL\">\n  <\/figure>\n<\/section>\n\n\n\n\n<section id=\"contact-section-block_a0800d2f6e8ab73301633350f0f91ad9\" class=\"contact-section-bloc wrapper-full \">\n            <div class=\"ariane-pagination appear\">\n    <div class=\"ariane-pagination-container\">\n        <p class=\"ariane-pagination-text text-cta\">\/ Contact<\/p>\n        <p class=\"ariane-pagination-number text-cta\">01 \/<\/p>\n    <\/div>\n<\/div>    \n    <h2 class=\"clip-text headingOne contact-section-bloc-title\">\n            <span class=\"one\">Contactez-nous<\/span>\n    <\/h2>\n    <div class=\"contact-section-content\">\n        \n<div class=\"wpcf7 no-js\" id=\"wpcf7-f131-o1\" lang=\"fr-FR\" dir=\"ltr\" data-wpcf7-id=\"131\">\n<div class=\"screen-reader-response\"><p role=\"status\" aria-live=\"polite\" aria-atomic=\"true\"><\/p> <ul><\/ul><\/div>\n<form action=\"\/index.php?rest_route=%2Fwp%2Fv2%2Fpages%2F5#wpcf7-f131-o1\" method=\"post\" class=\"wpcf7-form init\" aria-label=\"Formulaire de contact\" novalidate=\"novalidate\" data-status=\"init\">\n<fieldset class=\"hidden-fields-container\"><input type=\"hidden\" name=\"_wpcf7\" value=\"131\" \/><input type=\"hidden\" name=\"_wpcf7_version\" value=\"6.1.4\" \/><input type=\"hidden\" name=\"_wpcf7_locale\" value=\"fr_FR\" \/><input type=\"hidden\" name=\"_wpcf7_unit_tag\" value=\"wpcf7-f131-o1\" \/><input type=\"hidden\" name=\"_wpcf7_container_post\" value=\"0\" \/><input type=\"hidden\" name=\"_wpcf7_posted_data_hash\" value=\"\" \/>\n<\/fieldset>\n<label class=\"field\">\n    <span class=\"wpcf7-form-control-wrap\" data-name=\"your-name\"><input size=\"40\" maxlength=\"400\" class=\"wpcf7-form-control wpcf7-text wpcf7-validates-as-required\" autocomplete=\"family-name\" aria-required=\"true\" aria-invalid=\"false\" placeholder=\"Nom\" value=\"\" type=\"text\" name=\"your-name\" \/><\/span>\n\n    <span class=\"label-text\">\n    Nom\n    <\/span>\n<\/label>\n\n<label class=\"field\">\n    <span class=\"wpcf7-form-control-wrap\" data-name=\"your-email\"><input size=\"40\" maxlength=\"400\" class=\"wpcf7-form-control wpcf7-email wpcf7-validates-as-required wpcf7-text wpcf7-validates-as-email\" autocomplete=\"email\" aria-required=\"true\" aria-invalid=\"false\" placeholder=\"email@contact.com\" value=\"\" type=\"email\" name=\"your-email\" \/><\/span>\n\n    <span class=\"label-text\">\n    Email\n    <\/span>\n<\/label>\n\n<label class=\"field\">\n    <span class=\"wpcf7-form-control-wrap\" data-name=\"firstname\"><input size=\"40\" maxlength=\"400\" class=\"wpcf7-form-control wpcf7-text wpcf7-validates-as-required\" autocomplete=\"given-name\" aria-required=\"true\" aria-invalid=\"false\" placeholder=\"Prenom\" value=\"\" type=\"text\" name=\"firstname\" \/><\/span>\n\n    <span class=\"label-text\">\n    Pr\u00e9nom\n    <\/span>\n<\/label>\n\n<label class=\"field\">\n    <span class=\"wpcf7-form-control-wrap\" data-name=\"phone\"><input size=\"40\" maxlength=\"400\" class=\"wpcf7-form-control wpcf7-tel wpcf7-validates-as-required wpcf7-text wpcf7-validates-as-tel\" aria-required=\"true\" aria-invalid=\"false\" placeholder=\"00 00 00 00 00\" value=\"\" type=\"tel\" name=\"phone\" \/><\/span>\n\n    <span class=\"label-text\">\n    Telephone\n    <\/span>\n<\/label>\n\n<label class=\"field full\">\n    <span class=\"wpcf7-form-control-wrap\" data-name=\"choices\"><select class=\"wpcf7-form-control wpcf7-select wpcf7-validates-as-required dropdown-menu\" aria-required=\"true\" aria-invalid=\"false\" name=\"choices\"><option value=\"Fiscalit\u00e9\">Fiscalit\u00e9<\/option><option value=\"R\u00e9gime matrimonial\">R\u00e9gime matrimonial<\/option><option value=\"Transmission\">Transmission<\/option><option value=\"Placement\">Placement<\/option><option value=\"Retraite\">Retraite<\/option><option value=\"\u00c9pargne\">\u00c9pargne<\/option><\/select><\/span>\n\n    <span class=\"label-text\">\n    Je souhaite parler de\n    <\/span>\n<\/label>\n\n<label class=\"field full\">\n    <input class=\"wpcf7-form-control wpcf7-submit has-spinner\" type=\"submit\" value=\"Envoyer\" \/>\n<\/label><p style=\"display: none !important;\" class=\"akismet-fields-container\" data-prefix=\"_wpcf7_ak_\"><label>&#916;<textarea name=\"_wpcf7_ak_hp_textarea\" cols=\"45\" rows=\"8\" maxlength=\"100\"><\/textarea><\/label><input type=\"hidden\" id=\"ak_js_1\" name=\"_wpcf7_ak_js\" value=\"109\"\/><script>document.getElementById( \"ak_js_1\" ).setAttribute( \"value\", ( new Date() ).getTime() );<\/script><\/p><div class=\"wpcf7-response-output\" aria-hidden=\"true\"><\/div>\n<\/form>\n<\/div>\n\n\n    <\/div>\n<\/section>","protected":false},"excerpt":{"rendered":"","protected":false},"author":1,"featured_media":0,"parent":0,"menu_order":0,"comment_status":"closed","ping_status":"closed","template":"","meta":{"_acf_changed":false,"footnotes":""},"class_list":["post-5","page","type-page","status-publish","hentry"],"acf":[],"yoast_head":"<!-- This site is optimized with the Yoast SEO plugin v23.6 - https:\/\/yoast.com\/wordpress\/plugins\/seo\/ -->\n<title>Page d&#039;accueil - Primas Finance<\/title>\n<meta name=\"description\" content=\"La gestion de patrimoine qui s&#039;adapte \u00e0 vos besoins et vos projets de vie. Transmission, \u00e9pargne, fiscalit\u00e9, pensez Primas Finance\" \/>\n<meta name=\"robots\" content=\"index, follow, max-snippet:-1, max-image-preview:large, max-video-preview:-1\" \/>\n<link rel=\"canonical\" href=\"https:\/\/primas-finance.fr\/\" \/>\n<meta property=\"og:locale\" content=\"fr_FR\" \/>\n<meta property=\"og:type\" content=\"article\" \/>\n<meta property=\"og:title\" content=\"Page d&#039;accueil - Primas Finance\" \/>\n<meta property=\"og:description\" content=\"La gestion de patrimoine qui s&#039;adapte \u00e0 vos besoins et vos projets de vie. Transmission, \u00e9pargne, fiscalit\u00e9, pensez Primas Finance\" \/>\n<meta property=\"og:url\" content=\"https:\/\/primas-finance.fr\/\" \/>\n<meta property=\"og:site_name\" content=\"Primas Finance\" \/>\n<meta property=\"article:modified_time\" content=\"2024-10-31T18:02:42+00:00\" \/>\n<meta name=\"twitter:card\" content=\"summary_large_image\" \/>\n<script type=\"application\/ld+json\" class=\"yoast-schema-graph\">{\"@context\":\"https:\/\/schema.org\",\"@graph\":[{\"@type\":\"WebPage\",\"@id\":\"https:\/\/primas-finance.fr\/\",\"url\":\"https:\/\/primas-finance.fr\/\",\"name\":\"Page d'accueil - Primas Finance\",\"isPartOf\":{\"@id\":\"https:\/\/primas-finance.fr\/#website\"},\"datePublished\":\"2024-05-14T05:42:42+00:00\",\"dateModified\":\"2024-10-31T18:02:42+00:00\",\"description\":\"La gestion de patrimoine qui s'adapte \u00e0 vos besoins et vos projets de vie. Transmission, \u00e9pargne, fiscalit\u00e9, pensez Primas Finance\",\"breadcrumb\":{\"@id\":\"https:\/\/primas-finance.fr\/#breadcrumb\"},\"inLanguage\":\"fr-FR\",\"potentialAction\":[{\"@type\":\"ReadAction\",\"target\":[\"https:\/\/primas-finance.fr\/\"]}]},{\"@type\":\"BreadcrumbList\",\"@id\":\"https:\/\/primas-finance.fr\/#breadcrumb\",\"itemListElement\":[{\"@type\":\"ListItem\",\"position\":1,\"name\":\"Accueil\",\"item\":\"https:\/\/primas-finance.fr\/\"},{\"@type\":\"ListItem\",\"position\":2,\"name\":\"Page d&rsquo;accueil\"}]},{\"@type\":\"WebSite\",\"@id\":\"https:\/\/primas-finance.fr\/#website\",\"url\":\"https:\/\/primas-finance.fr\/\",\"name\":\"Primas Finance\",\"description\":\"\",\"potentialAction\":[{\"@type\":\"SearchAction\",\"target\":{\"@type\":\"EntryPoint\",\"urlTemplate\":\"https:\/\/primas-finance.fr\/?s={search_term_string}\"},\"query-input\":{\"@type\":\"PropertyValueSpecification\",\"valueRequired\":true,\"valueName\":\"search_term_string\"}}],\"inLanguage\":\"fr-FR\"}]}<\/script>\n<!-- \/ Yoast SEO plugin. -->","yoast_head_json":{"title":"Page d'accueil - Primas Finance","description":"La gestion de patrimoine qui s'adapte \u00e0 vos besoins et vos projets de vie. Transmission, \u00e9pargne, fiscalit\u00e9, pensez Primas Finance","robots":{"index":"index","follow":"follow","max-snippet":"max-snippet:-1","max-image-preview":"max-image-preview:large","max-video-preview":"max-video-preview:-1"},"canonical":"https:\/\/primas-finance.fr\/","og_locale":"fr_FR","og_type":"article","og_title":"Page d'accueil - Primas Finance","og_description":"La gestion de patrimoine qui s'adapte \u00e0 vos besoins et vos projets de vie. Transmission, \u00e9pargne, fiscalit\u00e9, pensez Primas Finance","og_url":"https:\/\/primas-finance.fr\/","og_site_name":"Primas Finance","article_modified_time":"2024-10-31T18:02:42+00:00","twitter_card":"summary_large_image","schema":{"@context":"https:\/\/schema.org","@graph":[{"@type":"WebPage","@id":"https:\/\/primas-finance.fr\/","url":"https:\/\/primas-finance.fr\/","name":"Page d'accueil - Primas Finance","isPartOf":{"@id":"https:\/\/primas-finance.fr\/#website"},"datePublished":"2024-05-14T05:42:42+00:00","dateModified":"2024-10-31T18:02:42+00:00","description":"La gestion de patrimoine qui s'adapte \u00e0 vos besoins et vos projets de vie. Transmission, \u00e9pargne, fiscalit\u00e9, pensez Primas Finance","breadcrumb":{"@id":"https:\/\/primas-finance.fr\/#breadcrumb"},"inLanguage":"fr-FR","potentialAction":[{"@type":"ReadAction","target":["https:\/\/primas-finance.fr\/"]}]},{"@type":"BreadcrumbList","@id":"https:\/\/primas-finance.fr\/#breadcrumb","itemListElement":[{"@type":"ListItem","position":1,"name":"Accueil","item":"https:\/\/primas-finance.fr\/"},{"@type":"ListItem","position":2,"name":"Page d&rsquo;accueil"}]},{"@type":"WebSite","@id":"https:\/\/primas-finance.fr\/#website","url":"https:\/\/primas-finance.fr\/","name":"Primas Finance","description":"","potentialAction":[{"@type":"SearchAction","target":{"@type":"EntryPoint","urlTemplate":"https:\/\/primas-finance.fr\/?s={search_term_string}"},"query-input":{"@type":"PropertyValueSpecification","valueRequired":true,"valueName":"search_term_string"}}],"inLanguage":"fr-FR"}]}},"_links":{"self":[{"href":"https:\/\/primas-finance.fr\/index.php?rest_route=\/wp\/v2\/pages\/5","targetHints":{"allow":["GET"]}}],"collection":[{"href":"https:\/\/primas-finance.fr\/index.php?rest_route=\/wp\/v2\/pages"}],"about":[{"href":"https:\/\/primas-finance.fr\/index.php?rest_route=\/wp\/v2\/types\/page"}],"author":[{"embeddable":true,"href":"https:\/\/primas-finance.fr\/index.php?rest_route=\/wp\/v2\/users\/1"}],"replies":[{"embeddable":true,"href":"https:\/\/primas-finance.fr\/index.php?rest_route=%2Fwp%2Fv2%2Fcomments&post=5"}],"version-history":[{"count":70,"href":"https:\/\/primas-finance.fr\/index.php?rest_route=\/wp\/v2\/pages\/5\/revisions"}],"predecessor-version":[{"id":752,"href":"https:\/\/primas-finance.fr\/index.php?rest_route=\/wp\/v2\/pages\/5\/revisions\/752"}],"wp:attachment":[{"href":"https:\/\/primas-finance.fr\/index.php?rest_route=%2Fwp%2Fv2%2Fmedia&parent=5"}],"curies":[{"name":"wp","href":"https:\/\/api.w.org\/{rel}","templated":true}]}}